{"id":6584,"date":"2023-04-11T09:06:06","date_gmt":"2023-04-11T09:06:06","guid":{"rendered":"https:\/\/duacaffe.al\/duanew\/product\/dua-caffe-frappe-200g\/"},"modified":"2023-04-11T09:06:06","modified_gmt":"2023-04-11T09:06:06","slug":"dua-caffe-frappe-200g","status":"publish","type":"product","link":"https:\/\/duacaffe.al\/it\/prodotto\/dua-caffe-frappe-200g\/","title":{"rendered":"Dua Caffe Frappe 200g"},"content":{"rendered":"<p>Dua Caffe Instant Frappe \u00e8 un prodotto che si scioglie in acqua o latte sia freddo che caldo. Ideale per la preparazione di caff\u00e8 freddo e frappe. La miscela \u00e8 composta al 100% da caff\u00e8!<\/p>\n","protected":false},"excerpt":{"rendered":"<p>Dua Caffe Instant Frappe \u00e8 un prodotto che si scioglie in acqua o latte sia freddo che caldo. Ideale per la preparazione di caff\u00e8 freddo e frappe. La miscela \u00e8 composta al 100% da caff\u00e8!<\/p>\n","protected":false},"featured_media":6288,"comment_status":"open","ping_status":"closed","template":"","meta":{"_acf_changed":false},"product_brand":[],"product_cat":[121],"product_tag":[],"class_list":{"0":"post-6584","1":"product","2":"type-product","3":"status-publish","4":"has-post-thumbnail","6":"product_cat-instant-frappe-it","8":"first","9":"instock","10":"shipping-taxable","11":"purchasable","12":"product-type-simple"},"acf":[],"_links":{"self":[{"href":"https:\/\/duacaffe.al\/it\/wp-json\/wp\/v2\/product\/6584","targetHints":{"allow":["GET"]}}],"collection":[{"href":"https:\/\/duacaffe.al\/it\/wp-json\/wp\/v2\/product"}],"about":[{"href":"https:\/\/duacaffe.al\/it\/wp-json\/wp\/v2\/types\/product"}],"replies":[{"embeddable":true,"href":"https:\/\/duacaffe.al\/it\/wp-json\/wp\/v2\/comments?post=6584"}],"wp:featuredmedia":[{"embeddable":true,"href":"https:\/\/duacaffe.al\/it\/wp-json\/wp\/v2\/media\/6288"}],"wp:attachment":[{"href":"https:\/\/duacaffe.al\/it\/wp-json\/wp\/v2\/media?parent=6584"}],"wp:term":[{"taxonomy":"product_brand","embeddable":true,"href":"https:\/\/duacaffe.al\/it\/wp-json\/wp\/v2\/product_brand?post=6584"},{"taxonomy":"product_cat","embeddable":true,"href":"https:\/\/duacaffe.al\/it\/wp-json\/wp\/v2\/product_cat?post=6584"},{"taxonomy":"product_tag","embeddable":true,"href":"https:\/\/duacaffe.al\/it\/wp-json\/wp\/v2\/product_tag?post=6584"}],"curies":[{"name":"wp","href":"https:\/\/api.w.org\/{rel}","templated":true}]}}