{"id":6578,"date":"2023-04-07T09:56:41","date_gmt":"2023-04-07T09:56:41","guid":{"rendered":"https:\/\/duacaffe.al\/duanew\/product\/dua-kafe-orzo\/"},"modified":"2023-04-19T11:39:35","modified_gmt":"2023-04-19T11:39:35","slug":"dua-kafe-orzo","status":"publish","type":"product","link":"https:\/\/duacaffe.al\/it\/prodotto\/dua-kafe-orzo\/","title":{"rendered":"Dua Kafe Orzo"},"content":{"rendered":"<p>Il caff\u00e8 d&#8217;orzo viene preparato dopo che l&#8217;orzo \u00e8 stato tostato e macinato. Una caratteristica del caff\u00e8 d&#8217;orzo \u00e8 l&#8217;assenza di caffeina, presente nelle tipologie di caff\u00e8 Arabica e Robusta. La composizione \u00e8 100% orzo ed \u00e8 digeribile. 500 g<\/p>\n","protected":false},"excerpt":{"rendered":"<p>Il caff\u00e8 d&#8217;orzo viene preparato dopo che l&#8217;orzo \u00e8 stato tostato e macinato. Una caratteristica del caff\u00e8 d&#8217;orzo \u00e8 l&#8217;assenza di caffeina, presente nelle tipologie di caff\u00e8 Arabica e Robusta. La composizione \u00e8 100% orzo ed \u00e8 digeribile. 500 g<\/p>\n","protected":false},"featured_media":6216,"comment_status":"open","ping_status":"closed","template":"","meta":{"_acf_changed":false},"product_brand":[],"product_cat":[119],"product_tag":[],"class_list":{"0":"post-6578","1":"product","2":"type-product","3":"status-publish","4":"has-post-thumbnail","6":"product_cat-ginseng-orzo-it","8":"first","9":"instock","10":"shipping-taxable","11":"purchasable","12":"product-type-simple"},"acf":[],"_links":{"self":[{"href":"https:\/\/duacaffe.al\/it\/wp-json\/wp\/v2\/product\/6578","targetHints":{"allow":["GET"]}}],"collection":[{"href":"https:\/\/duacaffe.al\/it\/wp-json\/wp\/v2\/product"}],"about":[{"href":"https:\/\/duacaffe.al\/it\/wp-json\/wp\/v2\/types\/product"}],"replies":[{"embeddable":true,"href":"https:\/\/duacaffe.al\/it\/wp-json\/wp\/v2\/comments?post=6578"}],"wp:featuredmedia":[{"embeddable":true,"href":"https:\/\/duacaffe.al\/it\/wp-json\/wp\/v2\/media\/6216"}],"wp:attachment":[{"href":"https:\/\/duacaffe.al\/it\/wp-json\/wp\/v2\/media?parent=6578"}],"wp:term":[{"taxonomy":"product_brand","embeddable":true,"href":"https:\/\/duacaffe.al\/it\/wp-json\/wp\/v2\/product_brand?post=6578"},{"taxonomy":"product_cat","embeddable":true,"href":"https:\/\/duacaffe.al\/it\/wp-json\/wp\/v2\/product_cat?post=6578"},{"taxonomy":"product_tag","embeddable":true,"href":"https:\/\/duacaffe.al\/it\/wp-json\/wp\/v2\/product_tag?post=6578"}],"curies":[{"name":"wp","href":"https:\/\/api.w.org\/{rel}","templated":true}]}}