{"id":6574,"date":"2022-04-02T15:07:37","date_gmt":"2022-04-02T15:07:37","guid":{"rendered":"https:\/\/duacaffe.al\/duanew\/product\/dua-caffe-ginseng\/"},"modified":"2023-04-19T11:40:47","modified_gmt":"2023-04-19T11:40:47","slug":"dua-kafe-ginseng","status":"publish","type":"product","link":"https:\/\/duacaffe.al\/it\/prodotto\/dua-kafe-ginseng\/","title":{"rendered":"Dua Caffe Ginseng"},"content":{"rendered":"<p>Il ginseng \u00e8 una pianta coltivata nel continente asiatico. La pianta del ginseng \u00e8 conosciuta come una pianta che aiuta ad aumentare la concentrazione. La composizione \u00e8 solubile. 1000 kg<\/p>\n","protected":false},"excerpt":{"rendered":"<p>Il ginseng \u00e8 una pianta coltivata nel continente asiatico. La pianta del ginseng \u00e8 conosciuta come una pianta che aiuta ad aumentare la concentrazione. La composizione \u00e8 solubile. 1000 kg<\/p>\n","protected":false},"featured_media":6218,"comment_status":"open","ping_status":"closed","template":"","meta":{"_acf_changed":false},"product_brand":[],"product_cat":[119],"product_tag":[],"class_list":{"0":"post-6574","1":"product","2":"type-product","3":"status-publish","4":"has-post-thumbnail","6":"product_cat-ginseng-orzo-it","8":"first","9":"instock","10":"shipping-taxable","11":"purchasable","12":"product-type-simple"},"acf":[],"_links":{"self":[{"href":"https:\/\/duacaffe.al\/it\/wp-json\/wp\/v2\/product\/6574","targetHints":{"allow":["GET"]}}],"collection":[{"href":"https:\/\/duacaffe.al\/it\/wp-json\/wp\/v2\/product"}],"about":[{"href":"https:\/\/duacaffe.al\/it\/wp-json\/wp\/v2\/types\/product"}],"replies":[{"embeddable":true,"href":"https:\/\/duacaffe.al\/it\/wp-json\/wp\/v2\/comments?post=6574"}],"wp:featuredmedia":[{"embeddable":true,"href":"https:\/\/duacaffe.al\/it\/wp-json\/wp\/v2\/media\/6218"}],"wp:attachment":[{"href":"https:\/\/duacaffe.al\/it\/wp-json\/wp\/v2\/media?parent=6574"}],"wp:term":[{"taxonomy":"product_brand","embeddable":true,"href":"https:\/\/duacaffe.al\/it\/wp-json\/wp\/v2\/product_brand?post=6574"},{"taxonomy":"product_cat","embeddable":true,"href":"https:\/\/duacaffe.al\/it\/wp-json\/wp\/v2\/product_cat?post=6574"},{"taxonomy":"product_tag","embeddable":true,"href":"https:\/\/duacaffe.al\/it\/wp-json\/wp\/v2\/product_tag?post=6574"}],"curies":[{"name":"wp","href":"https:\/\/api.w.org\/{rel}","templated":true}]}}