{"id":6572,"date":"2023-04-06T15:17:36","date_gmt":"2023-04-06T15:17:36","guid":{"rendered":"https:\/\/duacaffe.al\/duanew\/product\/aria-caffe-crema-1kg\/"},"modified":"2023-04-18T14:28:22","modified_gmt":"2023-04-18T14:28:22","slug":"aria-caffe-crema","status":"publish","type":"product","link":"https:\/\/duacaffe.al\/it\/prodotto\/aria-caffe-crema\/","title":{"rendered":"Aria Caffe Crema 1kg"},"content":{"rendered":"<p>Una miscela di caff\u00e8 Arabica del Brasile e caff\u00e8 Robusta delle regioni africane e asiatiche. La tostatura medio scura esalta la cremosit\u00e0, la dolcezza e l&#8217;alta intensit\u00e0. Sapore di cioccolato fondente e non acido.<\/p>\n<p>&nbsp;<\/p>\n","protected":false},"excerpt":{"rendered":"<p>Una miscela di caff\u00e8 Arabica del Brasile e caff\u00e8 Robusta delle regioni africane e asiatiche. La tostatura medio scura esalta la cremosit\u00e0, la dolcezza e l&#8217;alta intensit\u00e0. Sapore di cioccolato fondente e non acido. &nbsp;<\/p>\n","protected":false},"featured_media":6294,"comment_status":"open","ping_status":"closed","template":"","meta":{"_acf_changed":false},"product_brand":[],"product_cat":[127],"product_tag":[],"class_list":{"0":"post-6572","1":"product","2":"type-product","3":"status-publish","4":"has-post-thumbnail","6":"product_cat-professionale","8":"first","9":"instock","10":"shipping-taxable","11":"purchasable","12":"product-type-simple"},"acf":[],"_links":{"self":[{"href":"https:\/\/duacaffe.al\/it\/wp-json\/wp\/v2\/product\/6572","targetHints":{"allow":["GET"]}}],"collection":[{"href":"https:\/\/duacaffe.al\/it\/wp-json\/wp\/v2\/product"}],"about":[{"href":"https:\/\/duacaffe.al\/it\/wp-json\/wp\/v2\/types\/product"}],"replies":[{"embeddable":true,"href":"https:\/\/duacaffe.al\/it\/wp-json\/wp\/v2\/comments?post=6572"}],"wp:featuredmedia":[{"embeddable":true,"href":"https:\/\/duacaffe.al\/it\/wp-json\/wp\/v2\/media\/6294"}],"wp:attachment":[{"href":"https:\/\/duacaffe.al\/it\/wp-json\/wp\/v2\/media?parent=6572"}],"wp:term":[{"taxonomy":"product_brand","embeddable":true,"href":"https:\/\/duacaffe.al\/it\/wp-json\/wp\/v2\/product_brand?post=6572"},{"taxonomy":"product_cat","embeddable":true,"href":"https:\/\/duacaffe.al\/it\/wp-json\/wp\/v2\/product_cat?post=6572"},{"taxonomy":"product_tag","embeddable":true,"href":"https:\/\/duacaffe.al\/it\/wp-json\/wp\/v2\/product_tag?post=6572"}],"curies":[{"name":"wp","href":"https:\/\/api.w.org\/{rel}","templated":true}]}}