{"id":6570,"date":"2023-04-06T15:21:36","date_gmt":"2023-04-06T15:21:36","guid":{"rendered":"https:\/\/duacaffe.al\/duanew\/product\/dua-caffe-riserva-1kg\/"},"modified":"2023-04-06T15:21:36","modified_gmt":"2023-04-06T15:21:36","slug":"dua-caffe-riserva","status":"publish","type":"product","link":"https:\/\/duacaffe.al\/it\/prodotto\/dua-caffe-riserva\/","title":{"rendered":"Dua Caffe Riserva 1kg"},"content":{"rendered":"<p>Dolce miscela di caff\u00e8 Arabica del Brasile e cremosi Robusta delle zone asiatiche. Gusto di cacao e frutta secca Quello che si identifica nella tazzina espresso \u00e8 un caff\u00e8 dalla crema stabile e dal gusto di frutta secca. \u00c8 la miscela ideale per chi vuole gustare ogni giorno un caff\u00e8 delizioso.<\/p>\n","protected":false},"excerpt":{"rendered":"<p>Dolce miscela di caff\u00e8 Arabica del Brasile e cremosi Robusta delle zone asiatiche. Gusto di cacao e frutta secca Quello che si identifica nella tazzina espresso \u00e8 un caff\u00e8 dalla crema stabile e dal gusto di frutta secca. \u00c8 la miscela ideale per chi&#8230; <\/p>\n<div class=\"readmore\"><a href=\"https:\/\/duacaffe.al\/it\/prodotto\/dua-caffe-riserva\/\" class=\"kf-btn-link\"><span>Read more<\/span> <i class=\"fas fa-chevron-right\"><\/i><\/a><\/div>\n","protected":false},"featured_media":6296,"comment_status":"open","ping_status":"closed","template":"","meta":{"_acf_changed":false},"product_brand":[],"product_cat":[127],"product_tag":[],"class_list":{"0":"post-6570","1":"product","2":"type-product","3":"status-publish","4":"has-post-thumbnail","6":"product_cat-professionale","8":"first","9":"instock","10":"shipping-taxable","11":"purchasable","12":"product-type-simple"},"acf":[],"_links":{"self":[{"href":"https:\/\/duacaffe.al\/it\/wp-json\/wp\/v2\/product\/6570","targetHints":{"allow":["GET"]}}],"collection":[{"href":"https:\/\/duacaffe.al\/it\/wp-json\/wp\/v2\/product"}],"about":[{"href":"https:\/\/duacaffe.al\/it\/wp-json\/wp\/v2\/types\/product"}],"replies":[{"embeddable":true,"href":"https:\/\/duacaffe.al\/it\/wp-json\/wp\/v2\/comments?post=6570"}],"wp:featuredmedia":[{"embeddable":true,"href":"https:\/\/duacaffe.al\/it\/wp-json\/wp\/v2\/media\/6296"}],"wp:attachment":[{"href":"https:\/\/duacaffe.al\/it\/wp-json\/wp\/v2\/media?parent=6570"}],"wp:term":[{"taxonomy":"product_brand","embeddable":true,"href":"https:\/\/duacaffe.al\/it\/wp-json\/wp\/v2\/product_brand?post=6570"},{"taxonomy":"product_cat","embeddable":true,"href":"https:\/\/duacaffe.al\/it\/wp-json\/wp\/v2\/product_cat?post=6570"},{"taxonomy":"product_tag","embeddable":true,"href":"https:\/\/duacaffe.al\/it\/wp-json\/wp\/v2\/product_tag?post=6570"}],"curies":[{"name":"wp","href":"https:\/\/api.w.org\/{rel}","templated":true}]}}