{"id":6564,"date":"2022-04-02T15:07:36","date_gmt":"2022-04-02T15:07:36","guid":{"rendered":"https:\/\/duacaffe.al\/duanew\/product\/merak-caffe-turke-95-g\/"},"modified":"2022-04-02T15:07:36","modified_gmt":"2022-04-02T15:07:36","slug":"merak-caffe-turke-95-g","status":"publish","type":"product","link":"https:\/\/duacaffe.al\/it\/prodotto\/merak-caffe-turke-95-g\/","title":{"rendered":"Merak Caffe Turke 95 g"},"content":{"rendered":"<p>Il caff\u00e8 turco Merak \u00e8 caratterizzato da una cremosit\u00e0 e un leggero aroma di frutta secca. Sapore pieno e alta intensit\u00e0. Il confezionamento del caff\u00e8 turco Merak viene effettuato con azoto, che consente di preservare gli aromi e i sapori come il primo giorno di macinatura.<\/p>\n","protected":false},"excerpt":{"rendered":"<p>Il caff\u00e8 turco Merak \u00e8 caratterizzato da una cremosit\u00e0 e un leggero aroma di frutta secca. Sapore pieno e alta intensit\u00e0. Il confezionamento del caff\u00e8 turco Merak viene effettuato con azoto, che consente di preservare gli aromi e i sapori come il primo giorno&#8230; <\/p>\n<div class=\"readmore\"><a href=\"https:\/\/duacaffe.al\/it\/prodotto\/merak-caffe-turke-95-g\/\" class=\"kf-btn-link\"><span>Read more<\/span> <i class=\"fas fa-chevron-right\"><\/i><\/a><\/div>\n","protected":false},"featured_media":6300,"comment_status":"open","ping_status":"closed","template":"","meta":{"_acf_changed":false},"product_brand":[],"product_cat":[123],"product_tag":[],"class_list":{"0":"post-6564","1":"product","2":"type-product","3":"status-publish","4":"has-post-thumbnail","6":"product_cat-caffe-turco","8":"first","9":"instock","10":"shipping-taxable","11":"purchasable","12":"product-type-simple"},"acf":[],"_links":{"self":[{"href":"https:\/\/duacaffe.al\/it\/wp-json\/wp\/v2\/product\/6564","targetHints":{"allow":["GET"]}}],"collection":[{"href":"https:\/\/duacaffe.al\/it\/wp-json\/wp\/v2\/product"}],"about":[{"href":"https:\/\/duacaffe.al\/it\/wp-json\/wp\/v2\/types\/product"}],"replies":[{"embeddable":true,"href":"https:\/\/duacaffe.al\/it\/wp-json\/wp\/v2\/comments?post=6564"}],"wp:featuredmedia":[{"embeddable":true,"href":"https:\/\/duacaffe.al\/it\/wp-json\/wp\/v2\/media\/6300"}],"wp:attachment":[{"href":"https:\/\/duacaffe.al\/it\/wp-json\/wp\/v2\/media?parent=6564"}],"wp:term":[{"taxonomy":"product_brand","embeddable":true,"href":"https:\/\/duacaffe.al\/it\/wp-json\/wp\/v2\/product_brand?post=6564"},{"taxonomy":"product_cat","embeddable":true,"href":"https:\/\/duacaffe.al\/it\/wp-json\/wp\/v2\/product_cat?post=6564"},{"taxonomy":"product_tag","embeddable":true,"href":"https:\/\/duacaffe.al\/it\/wp-json\/wp\/v2\/product_tag?post=6564"}],"curies":[{"name":"wp","href":"https:\/\/api.w.org\/{rel}","templated":true}]}}