{"id":6473,"date":"2023-04-13T09:52:36","date_gmt":"2023-04-13T09:52:36","guid":{"rendered":"https:\/\/duacaffe.al\/duanew\/accessori\/"},"modified":"2023-04-19T09:20:14","modified_gmt":"2023-04-19T09:20:14","slug":"accessori","status":"publish","type":"page","link":"https:\/\/duacaffe.al\/it\/accessori\/","title":{"rendered":"Accessori"},"content":{"rendered":"\t\t<div data-elementor-type=\"wp-page\" data-elementor-id=\"6473\" class=\"elementor elementor-6473 elementor-4883\" data-elementor-post-type=\"page\">\n\t\t\t\t<div class=\"elementor-element elementor-element-c1e4600 e-flex e-con-boxed e-con e-parent\" data-id=\"c1e4600\" data-element_type=\"container\" data-settings=\"{&quot;background_background&quot;:&quot;classic&quot;}\">\n\t\t\t\t\t<div class=\"e-con-inner\">\n\t\t\t\t<div class=\"elementor-element elementor-element-ae8d689 elementor-widget elementor-widget-image\" data-id=\"ae8d689\" data-element_type=\"widget\" data-widget_type=\"image.default\">\n\t\t\t\t<div class=\"elementor-widget-container\">\n\t\t\t\t\t\t\t\t\t\t\t\t\t\t\t<img fetchpriority=\"high\" decoding=\"async\" width=\"1000\" height=\"1330\" src=\"https:\/\/duacaffe.al\/wp-content\/uploads\/2023\/04\/goca-dua-new.png\" class=\"attachment-large size-large wp-image-4184\" alt=\"\" srcset=\"https:\/\/duacaffe.al\/wp-content\/uploads\/2023\/04\/goca-dua-new.png 1000w, https:\/\/duacaffe.al\/wp-content\/uploads\/2023\/04\/goca-dua-new-900x1197.png 900w, https:\/\/duacaffe.al\/wp-content\/uploads\/2023\/04\/goca-dua-new-800x1064.png 800w\" sizes=\"(max-width: 1000px) 100vw, 1000px\" \/>\t\t\t\t\t\t\t\t\t\t\t\t\t\t\t<\/div>\n\t\t\t\t<\/div>\n\t\t\t\t<div class=\"elementor-element elementor-element-501ff34 elementor-widget-divider--view-line elementor-widget elementor-widget-divider\" data-id=\"501ff34\" data-element_type=\"widget\" data-widget_type=\"divider.default\">\n\t\t\t\t<div class=\"elementor-widget-container\">\n\t\t\t\t\t\t\t<div class=\"elementor-divider\">\n\t\t\t<span class=\"elementor-divider-separator\">\n\t\t\t\t\t\t<\/span>\n\t\t<\/div>\n\t\t\t\t\t\t<\/div>\n\t\t\t\t<\/div>\n\t\t\t\t\t<\/div>\n\t\t\t\t<\/div>\n\t\t<div class=\"elementor-element elementor-element-a6fc326 e-flex e-con-boxed elementor-invisible e-con e-parent\" data-id=\"a6fc326\" data-element_type=\"container\" data-settings=\"{&quot;animation&quot;:&quot;fadeIn&quot;}\">\n\t\t\t\t\t<div class=\"e-con-inner\">\n\t\t\t\t<div class=\"elementor-element elementor-element-7d46385 elementor-widget-divider--view-line_text elementor-widget-divider--separator-type-pattern elementor-widget-divider--element-align-center elementor-widget elementor-widget-divider\" data-id=\"7d46385\" data-element_type=\"widget\" data-widget_type=\"divider.default\">\n\t\t\t\t<div class=\"elementor-widget-container\">\n\t\t\t\t\t\t\t<div class=\"elementor-divider\" style=\"--divider-pattern-url: url(&quot;data:image\/svg+xml,%3Csvg xmlns=&#039;http:\/\/www.w3.org\/2000\/svg&#039; preserveAspectRatio=&#039;none&#039; overflow=&#039;visible&#039; height=&#039;100%&#039; viewBox=&#039;0 0 20 16&#039; fill=&#039;none&#039; stroke=&#039;black&#039; stroke-width=&#039;2&#039; stroke-linecap=&#039;square&#039; stroke-miterlimit=&#039;10&#039;%3E%3Cg transform=&#039;translate(-12.000000, 0)&#039;%3E%3Cpath d=&#039;M28,0L10,18&#039;\/%3E%3Cpath d=&#039;M18,0L0,18&#039;\/%3E%3Cpath d=&#039;M48,0L30,18&#039;\/%3E%3Cpath d=&#039;M38,0L20,18&#039;\/%3E%3C\/g%3E%3C\/svg%3E&quot;);\">\n\t\t\t<span class=\"elementor-divider-separator\">\n\t\t\t\t\t\t\t<span class=\"elementor-divider__text elementor-divider__element\">\n\t\t\t\tAccessori Dua Caff\u00e8\t\t\t\t<\/span>\n\t\t\t\t\t\t<\/span>\n\t\t<\/div>\n\t\t\t\t\t\t<\/div>\n\t\t\t\t<\/div>\n\t\t\t\t\t<\/div>\n\t\t\t\t<\/div>\n\t\t<div class=\"elementor-element elementor-element-25f6643 e-flex e-con-boxed e-con e-parent\" data-id=\"25f6643\" data-element_type=\"container\">\n\t\t\t\t\t<div class=\"e-con-inner\">\n\t\t\t\t<div class=\"elementor-element elementor-element-8bfc307 elementor-widget elementor-widget-kaffen-gallery\" data-id=\"8bfc307\" data-element_type=\"widget\" data-widget_type=\"kaffen-gallery.default\">\n\t\t\t\t<div class=\"elementor-widget-container\">\n\t\t\t\t\t\n\t\t<!-- Section Gallery -->\n\t\t<section class=\"section kf-gallery\">\n\t\t\t<div class=\"container\">\n\n\t\t\t\t\n\t\t\t\t\n\t\t\t\t\t\t\t\t<div class=\"kf-gallery-items row  hide_title hide_category\">\n\t\t\t\t\t\n\n<div class=\"kf-gallery-col col-xs-12 col-sm-12 col-md-6 col-lg-4 all sorting-aksesore-te-ndryshem \">\n\t<div class=\"kf-gallery-item element-anim-1 scroll-animate\" data-animate=\"active\">\n\t\t\t\t<div class=\"image kf-image-hover\">\n\t\t\t<a data-elementor-open-lightbox=\"yes\" data-elementor-lightbox-slideshow=\"basic-portfolio-gallery-sorting-aksesore-te-ndryshem \" data-elementor-lightbox-title=\"Ginseng\" href=\"https:\/\/duacaffe.al\/wp-content\/uploads\/2023\/04\/ginseng.png\">\n\t\t\t\t<img decoding=\"async\" src=\"https:\/\/duacaffe.al\/wp-content\/uploads\/2023\/04\/ginseng.png\" alt=\"Ginseng\" \/>\n\t\t\t<\/a>\n\t\t<\/div>\n\t\t\t\t<div class=\"desc\">\n\t\t\t\t\t\t<div class=\"name\">\n\t\t\t\t<div class=\"value\">Ginseng<\/div>\n\t\t\t<\/div>\n\t\t\t\t\t\t\t\t\t<div class=\"subname\">\n\t\t\t\t<div class=\"value\">Aksesor\u00eb t\u00eb ndrysh\u00ebm <\/div>\n\t\t\t<\/div>\n\t\t\t\t\t<\/div>\n\t<\/div>\n<\/div>\n\n\n<div class=\"kf-gallery-col col-xs-12 col-sm-12 col-md-6 col-lg-4 all sorting-aksesore-te-ndryshem \">\n\t<div class=\"kf-gallery-item element-anim-1 scroll-animate\" data-animate=\"active\">\n\t\t\t\t<div class=\"image kf-image-hover\">\n\t\t\t<a data-elementor-open-lightbox=\"yes\" data-elementor-lightbox-slideshow=\"basic-portfolio-gallery-sorting-aksesore-te-ndryshem \" data-elementor-lightbox-title=\"\" href=\"https:\/\/duacaffe.al\/wp-content\/uploads\/2023\/04\/produkt.png\">\n\t\t\t\t<img decoding=\"async\" src=\"https:\/\/duacaffe.al\/wp-content\/uploads\/2023\/04\/produkt.png\" alt=\"\" \/>\n\t\t\t<\/a>\n\t\t<\/div>\n\t\t\t\t<div class=\"desc\">\n\t\t\t\t\t\t\t\t\t<div class=\"subname\">\n\t\t\t\t<div class=\"value\">Aksesor\u00eb t\u00eb ndrysh\u00ebm <\/div>\n\t\t\t<\/div>\n\t\t\t\t\t<\/div>\n\t<\/div>\n<\/div>\n\n\n<div class=\"kf-gallery-col col-xs-12 col-sm-12 col-md-6 col-lg-4 all sorting-aksesore-te-ndryshem \">\n\t<div class=\"kf-gallery-item element-anim-1 scroll-animate\" data-animate=\"active\">\n\t\t\t\t<div class=\"image kf-image-hover\">\n\t\t\t<a data-elementor-open-lightbox=\"yes\" data-elementor-lightbox-slideshow=\"basic-portfolio-gallery-sorting-aksesore-te-ndryshem \" data-elementor-lightbox-title=\"Xhepore\" href=\"https:\/\/duacaffe.al\/wp-content\/uploads\/2023\/04\/xhepor.png\">\n\t\t\t\t<img decoding=\"async\" src=\"https:\/\/duacaffe.al\/wp-content\/uploads\/2023\/04\/xhepor.png\" alt=\"Xhepore\" \/>\n\t\t\t<\/a>\n\t\t<\/div>\n\t\t\t\t<div class=\"desc\">\n\t\t\t\t\t\t<div class=\"name\">\n\t\t\t\t<div class=\"value\">Xhepore<\/div>\n\t\t\t<\/div>\n\t\t\t\t\t\t\t\t\t<div class=\"subname\">\n\t\t\t\t<div class=\"value\">Aksesor\u00eb t\u00eb ndrysh\u00ebm <\/div>\n\t\t\t<\/div>\n\t\t\t\t\t<\/div>\n\t<\/div>\n<\/div>\n\n\n<div class=\"kf-gallery-col col-xs-12 col-sm-12 col-md-6 col-lg-4 all sorting-aksesore-te-ndryshem \">\n\t<div class=\"kf-gallery-item element-anim-1 scroll-animate\" data-animate=\"active\">\n\t\t\t\t<div class=\"image kf-image-hover\">\n\t\t\t<a data-elementor-open-lightbox=\"yes\" data-elementor-lightbox-slideshow=\"basic-portfolio-gallery-sorting-aksesore-te-ndryshem \" data-elementor-lightbox-title=\"tav\u00ebll\" href=\"https:\/\/duacaffe.al\/wp-content\/uploads\/2023\/04\/tavell-1.png\">\n\t\t\t\t<img decoding=\"async\" src=\"https:\/\/duacaffe.al\/wp-content\/uploads\/2023\/04\/tavell-1.png\" alt=\"tav\u00ebll\" \/>\n\t\t\t<\/a>\n\t\t<\/div>\n\t\t\t\t<div class=\"desc\">\n\t\t\t\t\t\t<div class=\"name\">\n\t\t\t\t<div class=\"value\">tav\u00ebll<\/div>\n\t\t\t<\/div>\n\t\t\t\t\t\t\t\t\t<div class=\"subname\">\n\t\t\t\t<div class=\"value\">Aksesor\u00eb t\u00eb ndrysh\u00ebm <\/div>\n\t\t\t<\/div>\n\t\t\t\t\t<\/div>\n\t<\/div>\n<\/div>\n\n\n<div class=\"kf-gallery-col col-xs-12 col-sm-12 col-md-6 col-lg-4 all sorting-aksesore-te-ndryshem \">\n\t<div class=\"kf-gallery-item element-anim-1 scroll-animate\" data-animate=\"active\">\n\t\t\t\t<div class=\"image kf-image-hover\">\n\t\t\t<a data-elementor-open-lightbox=\"yes\" data-elementor-lightbox-slideshow=\"basic-portfolio-gallery-sorting-aksesore-te-ndryshem \" data-elementor-lightbox-title=\"\" href=\"https:\/\/duacaffe.al\/wp-content\/uploads\/2023\/04\/tabaka.png\">\n\t\t\t\t<img decoding=\"async\" src=\"https:\/\/duacaffe.al\/wp-content\/uploads\/2023\/04\/tabaka.png\" alt=\"\" \/>\n\t\t\t<\/a>\n\t\t<\/div>\n\t\t\t\t<div class=\"desc\">\n\t\t\t\t\t\t\t\t\t<div class=\"subname\">\n\t\t\t\t<div class=\"value\">Aksesor\u00eb t\u00eb ndrysh\u00ebm <\/div>\n\t\t\t<\/div>\n\t\t\t\t\t<\/div>\n\t<\/div>\n<\/div>\n\n\n<div class=\"kf-gallery-col col-xs-12 col-sm-12 col-md-6 col-lg-4 all sorting-aksesore-te-ndryshem \">\n\t<div class=\"kf-gallery-item element-anim-1 scroll-animate\" data-animate=\"active\">\n\t\t\t\t<div class=\"image kf-image-hover\">\n\t\t\t<a data-elementor-open-lightbox=\"yes\" data-elementor-lightbox-slideshow=\"basic-portfolio-gallery-sorting-aksesore-te-ndryshem \" data-elementor-lightbox-title=\"Bluz\u00eb Dua\" href=\"https:\/\/duacaffe.al\/wp-content\/uploads\/2023\/04\/bluze-dua.png\">\n\t\t\t\t<img decoding=\"async\" src=\"https:\/\/duacaffe.al\/wp-content\/uploads\/2023\/04\/bluze-dua.png\" alt=\"Bluz\u00eb Dua\" \/>\n\t\t\t<\/a>\n\t\t<\/div>\n\t\t\t\t<div class=\"desc\">\n\t\t\t\t\t\t<div class=\"name\">\n\t\t\t\t<div class=\"value\">Bluz\u00eb Dua<\/div>\n\t\t\t<\/div>\n\t\t\t\t\t\t\t\t\t<div class=\"subname\">\n\t\t\t\t<div class=\"value\">Aksesor\u00eb t\u00eb ndrysh\u00ebm <\/div>\n\t\t\t<\/div>\n\t\t\t\t\t<\/div>\n\t<\/div>\n<\/div>\n\n\n<div class=\"kf-gallery-col col-xs-12 col-sm-12 col-md-6 col-lg-4 all sorting-aksesore-te-ndryshem \">\n\t<div class=\"kf-gallery-item element-anim-1 scroll-animate\" data-animate=\"active\">\n\t\t\t\t<div class=\"image kf-image-hover\">\n\t\t\t<a data-elementor-open-lightbox=\"yes\" data-elementor-lightbox-slideshow=\"basic-portfolio-gallery-sorting-aksesore-te-ndryshem \" data-elementor-lightbox-title=\"P\u00ebrpar\u00ebse Dua\" href=\"https:\/\/duacaffe.al\/wp-content\/uploads\/2022\/04\/perparese-dua.png\">\n\t\t\t\t<img decoding=\"async\" src=\"https:\/\/duacaffe.al\/wp-content\/uploads\/2022\/04\/perparese-dua.png\" alt=\"P\u00ebrpar\u00ebse Dua\" \/>\n\t\t\t<\/a>\n\t\t<\/div>\n\t\t\t\t<div class=\"desc\">\n\t\t\t\t\t\t<div class=\"name\">\n\t\t\t\t<div class=\"value\">P\u00ebrpar\u00ebse Dua<\/div>\n\t\t\t<\/div>\n\t\t\t\t\t\t\t\t\t<div class=\"subname\">\n\t\t\t\t<div class=\"value\">Aksesor\u00eb t\u00eb ndrysh\u00ebm <\/div>\n\t\t\t<\/div>\n\t\t\t\t\t<\/div>\n\t<\/div>\n<\/div>\n\n\n<div class=\"kf-gallery-col col-xs-12 col-sm-12 col-md-6 col-lg-4 all sorting-aksesore-te-ndryshem \">\n\t<div class=\"kf-gallery-item element-anim-1 scroll-animate\" data-animate=\"active\">\n\t\t\t\t<div class=\"image kf-image-hover\">\n\t\t\t<a data-elementor-open-lightbox=\"yes\" data-elementor-lightbox-slideshow=\"basic-portfolio-gallery-sorting-aksesore-te-ndryshem \" data-elementor-lightbox-title=\"Or\u00eb murale Dua\" href=\"https:\/\/duacaffe.al\/wp-content\/uploads\/2022\/04\/ora.png\">\n\t\t\t\t<img decoding=\"async\" src=\"https:\/\/duacaffe.al\/wp-content\/uploads\/2022\/04\/ora.png\" alt=\"Or\u00eb murale Dua\" \/>\n\t\t\t<\/a>\n\t\t<\/div>\n\t\t\t\t<div class=\"desc\">\n\t\t\t\t\t\t<div class=\"name\">\n\t\t\t\t<div class=\"value\">Or\u00eb murale Dua<\/div>\n\t\t\t<\/div>\n\t\t\t\t\t\t\t\t\t<div class=\"subname\">\n\t\t\t\t<div class=\"value\">Aksesor\u00eb t\u00eb ndrysh\u00ebm <\/div>\n\t\t\t<\/div>\n\t\t\t\t\t<\/div>\n\t<\/div>\n<\/div>\n\n\n<div class=\"kf-gallery-col col-xs-12 col-sm-12 col-md-6 col-lg-4 all sorting-aksesore-te-ndryshem \">\n\t<div class=\"kf-gallery-item element-anim-1 scroll-animate\" data-animate=\"active\">\n\t\t\t\t<div class=\"image kf-image-hover\">\n\t\t\t<a data-elementor-open-lightbox=\"yes\" data-elementor-lightbox-slideshow=\"basic-portfolio-gallery-sorting-aksesore-te-ndryshem \" data-elementor-lightbox-title=\"Mbajt\u00ebse sheqeri\" href=\"https:\/\/duacaffe.al\/wp-content\/uploads\/2022\/04\/sheqeri.png\">\n\t\t\t\t<img decoding=\"async\" src=\"https:\/\/duacaffe.al\/wp-content\/uploads\/2022\/04\/sheqeri.png\" alt=\"Mbajt\u00ebse sheqeri\" \/>\n\t\t\t<\/a>\n\t\t<\/div>\n\t\t\t\t<div class=\"desc\">\n\t\t\t\t\t\t<div class=\"name\">\n\t\t\t\t<div class=\"value\">Mbajt\u00ebse sheqeri<\/div>\n\t\t\t<\/div>\n\t\t\t\t\t\t\t\t\t<div class=\"subname\">\n\t\t\t\t<div class=\"value\">Aksesor\u00eb t\u00eb ndrysh\u00ebm <\/div>\n\t\t\t<\/div>\n\t\t\t\t\t<\/div>\n\t<\/div>\n<\/div>\n\n\n<div class=\"kf-gallery-col col-xs-12 col-sm-12 col-md-6 col-lg-4 all sorting-filxhane \">\n\t<div class=\"kf-gallery-item element-anim-1 scroll-animate\" data-animate=\"active\">\n\t\t\t\t<div class=\"image kf-image-hover\">\n\t\t\t<a data-elementor-open-lightbox=\"yes\" data-elementor-lightbox-slideshow=\"basic-portfolio-gallery-sorting-filxhane \" data-elementor-lightbox-title=\"Filxhan\u00eb transparent Dua\" href=\"https:\/\/duacaffe.al\/wp-content\/uploads\/2022\/04\/transparent.png\">\n\t\t\t\t<img decoding=\"async\" src=\"https:\/\/duacaffe.al\/wp-content\/uploads\/2022\/04\/transparent.png\" alt=\"Filxhan\u00eb transparent Dua\" \/>\n\t\t\t<\/a>\n\t\t<\/div>\n\t\t\t\t<div class=\"desc\">\n\t\t\t\t\t\t<div class=\"name\">\n\t\t\t\t<div class=\"value\">Filxhan\u00eb transparent Dua<\/div>\n\t\t\t<\/div>\n\t\t\t\t\t\t\t\t\t<div class=\"subname\">\n\t\t\t\t<div class=\"value\">Filxhan\u00eb <\/div>\n\t\t\t<\/div>\n\t\t\t\t\t<\/div>\n\t<\/div>\n<\/div>\n\n\n<div class=\"kf-gallery-col col-xs-12 col-sm-12 col-md-6 col-lg-4 all sorting-filxhane \">\n\t<div class=\"kf-gallery-item element-anim-1 scroll-animate\" data-animate=\"active\">\n\t\t\t\t<div class=\"image kf-image-hover\">\n\t\t\t<a data-elementor-open-lightbox=\"yes\" data-elementor-lightbox-slideshow=\"basic-portfolio-gallery-sorting-filxhane \" data-elementor-lightbox-title=\"Filxhan Dua\" href=\"https:\/\/duacaffe.al\/wp-content\/uploads\/2023\/04\/filxhan-duaa.png\">\n\t\t\t\t<img decoding=\"async\" src=\"https:\/\/duacaffe.al\/wp-content\/uploads\/2023\/04\/filxhan-duaa.png\" alt=\"Filxhan Dua\" \/>\n\t\t\t<\/a>\n\t\t<\/div>\n\t\t\t\t<div class=\"desc\">\n\t\t\t\t\t\t<div class=\"name\">\n\t\t\t\t<div class=\"value\">Filxhan Dua<\/div>\n\t\t\t<\/div>\n\t\t\t\t\t\t\t\t\t<div class=\"subname\">\n\t\t\t\t<div class=\"value\">Filxhan\u00eb <\/div>\n\t\t\t<\/div>\n\t\t\t\t\t<\/div>\n\t<\/div>\n<\/div>\n\n\n<div class=\"kf-gallery-col col-xs-12 col-sm-12 col-md-6 col-lg-4 all sorting-filxhane \">\n\t<div class=\"kf-gallery-item element-anim-1 scroll-animate\" data-animate=\"active\">\n\t\t\t\t<div class=\"image kf-image-hover\">\n\t\t\t<a data-elementor-open-lightbox=\"yes\" data-elementor-lightbox-slideshow=\"basic-portfolio-gallery-sorting-filxhane \" data-elementor-lightbox-title=\"Filxhan\u00eb kafe\" href=\"https:\/\/duacaffe.al\/wp-content\/uploads\/2023\/04\/filxhan-kafeee.png\">\n\t\t\t\t<img decoding=\"async\" src=\"https:\/\/duacaffe.al\/wp-content\/uploads\/2023\/04\/filxhan-kafeee.png\" alt=\"Filxhan\u00eb kafe\" \/>\n\t\t\t<\/a>\n\t\t<\/div>\n\t\t\t\t<div class=\"desc\">\n\t\t\t\t\t\t<div class=\"name\">\n\t\t\t\t<div class=\"value\">Filxhan\u00eb kafe<\/div>\n\t\t\t<\/div>\n\t\t\t\t\t\t\t\t\t<div class=\"subname\">\n\t\t\t\t<div class=\"value\">Filxhan\u00eb <\/div>\n\t\t\t<\/div>\n\t\t\t\t\t<\/div>\n\t<\/div>\n<\/div>\n\n\n<div class=\"kf-gallery-col col-xs-12 col-sm-12 col-md-6 col-lg-4 all sorting-filxhane \">\n\t<div class=\"kf-gallery-item element-anim-1 scroll-animate\" data-animate=\"active\">\n\t\t\t\t<div class=\"image kf-image-hover\">\n\t\t\t<a data-elementor-open-lightbox=\"yes\" data-elementor-lightbox-slideshow=\"basic-portfolio-gallery-sorting-filxhane \" data-elementor-lightbox-title=\"Filxhan\u00eb kafe makiato\" href=\"https:\/\/duacaffe.al\/wp-content\/uploads\/2023\/04\/filxhan-kafe-makiato.png\">\n\t\t\t\t<img decoding=\"async\" src=\"https:\/\/duacaffe.al\/wp-content\/uploads\/2023\/04\/filxhan-kafe-makiato.png\" alt=\"Filxhan\u00eb kafe makiato\" \/>\n\t\t\t<\/a>\n\t\t<\/div>\n\t\t\t\t<div class=\"desc\">\n\t\t\t\t\t\t<div class=\"name\">\n\t\t\t\t<div class=\"value\">Filxhan\u00eb kafe makiato<\/div>\n\t\t\t<\/div>\n\t\t\t\t\t\t\t\t\t<div class=\"subname\">\n\t\t\t\t<div class=\"value\">Filxhan\u00eb <\/div>\n\t\t\t<\/div>\n\t\t\t\t\t<\/div>\n\t<\/div>\n<\/div>\n\n\n<div class=\"kf-gallery-col col-xs-12 col-sm-12 col-md-6 col-lg-4 all sorting-aksesore-te-ndryshem \">\n\t<div class=\"kf-gallery-item element-anim-1 scroll-animate\" data-animate=\"active\">\n\t\t\t\t<div class=\"image kf-image-hover\">\n\t\t\t<a data-elementor-open-lightbox=\"yes\" data-elementor-lightbox-slideshow=\"basic-portfolio-gallery-sorting-aksesore-te-ndryshem \" data-elementor-lightbox-title=\"\" href=\"https:\/\/duacaffe.al\/wp-content\/uploads\/2022\/04\/mbajtese-pecetash.png\">\n\t\t\t\t<img decoding=\"async\" src=\"https:\/\/duacaffe.al\/wp-content\/uploads\/2022\/04\/mbajtese-pecetash.png\" alt=\"\" \/>\n\t\t\t<\/a>\n\t\t<\/div>\n\t\t\t\t<div class=\"desc\">\n\t\t\t\t\t\t\t\t\t<div class=\"subname\">\n\t\t\t\t<div class=\"value\">Aksesor\u00eb t\u00eb ndrysh\u00ebm <\/div>\n\t\t\t<\/div>\n\t\t\t\t\t<\/div>\n\t<\/div>\n<\/div>\n\n\n<div class=\"kf-gallery-col col-xs-12 col-sm-12 col-md-6 col-lg-4 all sorting-aksesore-te-ndryshem \">\n\t<div class=\"kf-gallery-item element-anim-1 scroll-animate\" data-animate=\"active\">\n\t\t\t\t<div class=\"image kf-image-hover\">\n\t\t\t<a data-elementor-open-lightbox=\"yes\" data-elementor-lightbox-slideshow=\"basic-portfolio-gallery-sorting-aksesore-te-ndryshem \" data-elementor-lightbox-title=\"Gota Dua\" href=\"https:\/\/duacaffe.al\/wp-content\/uploads\/2022\/04\/gota-plastike-dua.png\">\n\t\t\t\t<img decoding=\"async\" src=\"https:\/\/duacaffe.al\/wp-content\/uploads\/2022\/04\/gota-plastike-dua.png\" alt=\"Gota Dua\" \/>\n\t\t\t<\/a>\n\t\t<\/div>\n\t\t\t\t<div class=\"desc\">\n\t\t\t\t\t\t<div class=\"name\">\n\t\t\t\t<div class=\"value\">Gota Dua<\/div>\n\t\t\t<\/div>\n\t\t\t\t\t\t\t\t\t<div class=\"subname\">\n\t\t\t\t<div class=\"value\">Aksesor\u00eb t\u00eb ndrysh\u00ebm <\/div>\n\t\t\t<\/div>\n\t\t\t\t\t<\/div>\n\t<\/div>\n<\/div>\n\t\t\t\t<\/div>\n\n\t\t\t\t\n\t\t\t<\/div>\n\t\t<\/section>\n\n\t\t\t\t\t\t<\/div>\n\t\t\t\t<\/div>\n\t\t\t\t\t<\/div>\n\t\t\t\t<\/div>\n\t\t\t\t<\/div>\n\t\t","protected":false},"excerpt":{"rendered":"<p>Accessori Dua Caff\u00e8 Bluz\u00eb Dua Aksesor\u00eb t\u00eb ndrysh\u00ebm Aksesor\u00eb t\u00eb ndrysh\u00ebm tav\u00ebll Aksesor\u00eb t\u00eb ndrysh\u00ebm Xhepore Aksesor\u00eb t\u00eb ndrysh\u00ebm Aksesor\u00eb t\u00eb ndrysh\u00ebm Ginseng Aksesor\u00eb t\u00eb ndrysh\u00ebm P\u00ebrpar\u00ebse Dua Aksesor\u00eb t\u00eb ndrysh\u00ebm Or\u00eb murale Dua Aksesor\u00eb t\u00eb ndrysh\u00ebm Mbajt\u00ebse sheqeri Aksesor\u00eb t\u00eb ndrysh\u00ebm Filxhan\u00eb transparent&#8230; <\/p>\n<div class=\"readmore\"><a href=\"https:\/\/duacaffe.al\/it\/gallery\/item\/sea-fish\/\" class=\"kf-btn-link\"><span>Read more<\/span> <i class=\"fas fa-chevron-right\"><\/i><\/a><\/div>\n","protected":false},"author":1,"featured_media":0,"parent":0,"menu_order":0,"comment_status":"closed","ping_status":"closed","template":"elementor_header_footer","meta":{"_acf_changed":false,"footnotes":""},"class_list":["post-6473","page","type-page","status-publish","hentry"],"acf":[],"_links":{"self":[{"href":"https:\/\/duacaffe.al\/it\/wp-json\/wp\/v2\/pages\/6473","targetHints":{"allow":["GET"]}}],"collection":[{"href":"https:\/\/duacaffe.al\/it\/wp-json\/wp\/v2\/pages"}],"about":[{"href":"https:\/\/duacaffe.al\/it\/wp-json\/wp\/v2\/types\/page"}],"author":[{"embeddable":true,"href":"https:\/\/duacaffe.al\/it\/wp-json\/wp\/v2\/users\/1"}],"replies":[{"embeddable":true,"href":"https:\/\/duacaffe.al\/it\/wp-json\/wp\/v2\/comments?post=6473"}],"version-history":[{"count":2,"href":"https:\/\/duacaffe.al\/it\/wp-json\/wp\/v2\/pages\/6473\/revisions"}],"predecessor-version":[{"id":6741,"href":"https:\/\/duacaffe.al\/it\/wp-json\/wp\/v2\/pages\/6473\/revisions\/6741"}],"wp:attachment":[{"href":"https:\/\/duacaffe.al\/it\/wp-json\/wp\/v2\/media?parent=6473"}],"curies":[{"name":"wp","href":"https:\/\/api.w.org\/{rel}","templated":true}]}}